{"id":52,"date":"2025-05-17T17:05:50","date_gmt":"2025-05-17T17:05:50","guid":{"rendered":"https:\/\/www.toxscope.com\/home\/"},"modified":"2025-08-03T12:03:07","modified_gmt":"2025-08-03T12:03:07","slug":"home","status":"publish","type":"page","link":"https:\/\/www.toxscope.com\/?page_id=52","title":{"rendered":"Home"},"content":{"rendered":"\t\t<div data-elementor-type=\"wp-page\" data-elementor-id=\"52\" class=\"elementor elementor-52\">\n\t\t\t\t<div class=\"elementor-element elementor-element-1f05fa60 e-flex e-con-boxed e-con e-parent\" data-id=\"1f05fa60\" data-element_type=\"container\" data-e-type=\"container\">\n\t\t\t\t\t<div class=\"e-con-inner\">\n\t\t\t\t<div class=\"elementor-element elementor-element-13287aef elementor-widget elementor-widget-heading\" data-id=\"13287aef\" data-element_type=\"widget\" data-e-type=\"widget\" data-widget_type=\"heading.default\">\n\t\t\t\t<div class=\"elementor-widget-container\">\n\t\t\t\t\t<h1 class=\"elementor-heading-title elementor-size-default\">SELAM<\/h1>\t\t\t\t<\/div>\n\t\t\t\t<\/div>\n\t\t\t\t\t<\/div>\n\t\t\t\t<\/div>\n\t\t<div class=\"elementor-element elementor-element-f6ff7da e-flex e-con-boxed e-con e-parent\" data-id=\"f6ff7da\" data-element_type=\"container\" data-e-type=\"container\">\n\t\t\t\t\t<div class=\"e-con-inner\">\n\t\t\t\t<div class=\"elementor-element elementor-element-1b76958 elementor-widget elementor-widget-text-editor\" data-id=\"1b76958\" data-element_type=\"widget\" data-e-type=\"widget\" data-widget_type=\"text-editor.default\">\n\t\t\t\t<div class=\"elementor-widget-container\">\n\t\t\t\t\t\t\t\t\t<p data-start=\"280\" data-end=\"435\">G\u00fcn\u00fcm\u00fcz d\u00fcnyas\u0131nda bilgi, ili\u015fki ve \u00e7evre h\u0131zla de\u011fi\u015fiyor. Bu de\u011fi\u015fimin i\u00e7inde neyin yap\u0131c\u0131, neyin y\u0131k\u0131c\u0131 oldu\u011funu ay\u0131rt etmek her zamankinden daha \u00f6nemli.<\/p><p data-start=\"437\" data-end=\"649\"><strong data-start=\"437\" data-end=\"449\">Toxscope<\/strong>, seni etkileyen i\u00e7erikleri, ili\u015fkileri, verileri veya d\u00fc\u015f\u00fcnce bi\u00e7imlerini daha yak\u0131ndan incelemeni sa\u011flar. Hedefimiz: daha bilin\u00e7li, daha dengeli ve daha sa\u011fl\u0131kl\u0131 bir ya\u015fam i\u00e7in fark\u0131ndal\u0131k yaratmak.<\/p>\t\t\t\t\t\t\t\t<\/div>\n\t\t\t\t<\/div>\n\t\t\t\t\t<\/div>\n\t\t\t\t<\/div>\n\t\t\t\t<\/div>\n\t\t","protected":false},"excerpt":{"rendered":"<p>SELAM G\u00fcn\u00fcm\u00fcz d\u00fcnyas\u0131nda bilgi, ili\u015fki ve \u00e7evre h\u0131zla de\u011fi\u015fiyor. Bu de\u011fi\u015fimin i\u00e7inde neyin yap\u0131c\u0131, neyin y\u0131k\u0131c\u0131 oldu\u011funu ay\u0131rt etmek her zamankinden daha \u00f6nemli. Toxscope, seni etkileyen i\u00e7erikleri, ili\u015fkileri, verileri veya d\u00fc\u015f\u00fcnce bi\u00e7imlerini daha yak\u0131ndan incelemeni sa\u011flar. Hedefimiz: daha bilin\u00e7li, daha dengeli ve daha sa\u011fl\u0131kl\u0131 bir ya\u015fam i\u00e7in fark\u0131ndal\u0131k yaratmak.<\/p>\n","protected":false},"author":1,"featured_media":0,"parent":0,"menu_order":0,"comment_status":"closed","ping_status":"closed","template":"elementor_header_footer","meta":{"footnotes":""},"class_list":["post-52","page","type-page","status-publish","hentry"],"_links":{"self":[{"href":"https:\/\/www.toxscope.com\/index.php?rest_route=\/wp\/v2\/pages\/52","targetHints":{"allow":["GET"]}}],"collection":[{"href":"https:\/\/www.toxscope.com\/index.php?rest_route=\/wp\/v2\/pages"}],"about":[{"href":"https:\/\/www.toxscope.com\/index.php?rest_route=\/wp\/v2\/types\/page"}],"author":[{"embeddable":true,"href":"https:\/\/www.toxscope.com\/index.php?rest_route=\/wp\/v2\/users\/1"}],"replies":[{"embeddable":true,"href":"https:\/\/www.toxscope.com\/index.php?rest_route=%2Fwp%2Fv2%2Fcomments&post=52"}],"version-history":[{"count":22,"href":"https:\/\/www.toxscope.com\/index.php?rest_route=\/wp\/v2\/pages\/52\/revisions"}],"predecessor-version":[{"id":209,"href":"https:\/\/www.toxscope.com\/index.php?rest_route=\/wp\/v2\/pages\/52\/revisions\/209"}],"wp:attachment":[{"href":"https:\/\/www.toxscope.com\/index.php?rest_route=%2Fwp%2Fv2%2Fmedia&parent=52"}],"curies":[{"name":"wp","href":"https:\/\/api.w.org\/{rel}","templated":true}]}}