{"id":40,"date":"2025-05-17T17:05:48","date_gmt":"2025-05-17T17:05:48","guid":{"rendered":"https:\/\/www.toxscope.com\/portfolio\/"},"modified":"2025-08-03T11:51:08","modified_gmt":"2025-08-03T11:51:08","slug":"portfolio","status":"publish","type":"page","link":"https:\/\/www.toxscope.com\/?page_id=40","title":{"rendered":"Portfolio"},"content":{"rendered":"\t\t<div data-elementor-type=\"wp-page\" data-elementor-id=\"40\" class=\"elementor elementor-40\">\n\t\t\t\t<div class=\"elementor-element elementor-element-704284a5 e-flex e-con-boxed e-con e-parent\" data-id=\"704284a5\" data-element_type=\"container\" data-e-type=\"container\">\n\t\t\t\t\t<div class=\"e-con-inner\">\n\t\t\t\t<div class=\"elementor-element elementor-element-72efc982 elementor-widget__width-initial elementor-position-top elementor-widget elementor-widget-image-box\" data-id=\"72efc982\" data-element_type=\"widget\" data-e-type=\"widget\" data-widget_type=\"image-box.default\">\n\t\t\t\t<div class=\"elementor-widget-container\">\n\t\t\t\t\t<div class=\"elementor-image-box-wrapper\"><figure class=\"elementor-image-box-img\"><a href=\"https:\/\/www.toxscope.com\/?p=172\" tabindex=\"-1\"><img fetchpriority=\"high\" decoding=\"async\" width=\"1024\" height=\"1536\" src=\"https:\/\/www.toxscope.com\/wp-content\/uploads\/2025\/07\/Dogu-Turkistan-Poster.png\" class=\"attachment-full size-full wp-image-187\" alt=\"\" srcset=\"https:\/\/www.toxscope.com\/wp-content\/uploads\/2025\/07\/Dogu-Turkistan-Poster.png 1024w, https:\/\/www.toxscope.com\/wp-content\/uploads\/2025\/07\/Dogu-Turkistan-Poster-200x300.png 200w, https:\/\/www.toxscope.com\/wp-content\/uploads\/2025\/07\/Dogu-Turkistan-Poster-683x1024.png 683w, https:\/\/www.toxscope.com\/wp-content\/uploads\/2025\/07\/Dogu-Turkistan-Poster-768x1152.png 768w\" sizes=\"(max-width: 1024px) 100vw, 1024px\" \/><\/a><\/figure><div class=\"elementor-image-box-content\"><h3 class=\"elementor-image-box-title\"><a href=\"https:\/\/www.toxscope.com\/?p=172\">Kara Bilim ve Do\u011fu T\u00fcrkistan \u00d6rne\u011fi<\/a><\/h3><\/div><\/div>\t\t\t\t<\/div>\n\t\t\t\t<\/div>\n\t\t\t\t\t<\/div>\n\t\t\t\t<\/div>\n\t\t\t\t<\/div>\n\t\t","protected":false},"excerpt":{"rendered":"<p>Kara Bilim ve Do\u011fu T\u00fcrkistan \u00d6rne\u011fi<\/p>\n","protected":false},"author":1,"featured_media":0,"parent":0,"menu_order":0,"comment_status":"closed","ping_status":"closed","template":"elementor_header_footer","meta":{"footnotes":""},"class_list":["post-40","page","type-page","status-publish","hentry"],"_links":{"self":[{"href":"https:\/\/www.toxscope.com\/index.php?rest_route=\/wp\/v2\/pages\/40","targetHints":{"allow":["GET"]}}],"collection":[{"href":"https:\/\/www.toxscope.com\/index.php?rest_route=\/wp\/v2\/pages"}],"about":[{"href":"https:\/\/www.toxscope.com\/index.php?rest_route=\/wp\/v2\/types\/page"}],"author":[{"embeddable":true,"href":"https:\/\/www.toxscope.com\/index.php?rest_route=\/wp\/v2\/users\/1"}],"replies":[{"embeddable":true,"href":"https:\/\/www.toxscope.com\/index.php?rest_route=%2Fwp%2Fv2%2Fcomments&post=40"}],"version-history":[{"count":20,"href":"https:\/\/www.toxscope.com\/index.php?rest_route=\/wp\/v2\/pages\/40\/revisions"}],"predecessor-version":[{"id":194,"href":"https:\/\/www.toxscope.com\/index.php?rest_route=\/wp\/v2\/pages\/40\/revisions\/194"}],"wp:attachment":[{"href":"https:\/\/www.toxscope.com\/index.php?rest_route=%2Fwp%2Fv2%2Fmedia&parent=40"}],"curies":[{"name":"wp","href":"https:\/\/api.w.org\/{rel}","templated":true}]}}